{"id":150,"date":"2015-06-25T09:41:49","date_gmt":"2015-06-25T09:41:49","guid":{"rendered":"http:\/\/transparencia.ayuntamiento-losmolinos.es\/?page_id=150"},"modified":"2022-03-14T09:23:01","modified_gmt":"2022-03-14T09:23:01","slug":"sociedad","status":"publish","type":"page","link":"https:\/\/transparencia.ayuntamiento-losmolinos.es\/?page_id=150","title":{"rendered":"Sociedad"},"content":{"rendered":"<div class=\"accordian fusion-accordian\"><div class=\"panel-group\" id=\"accordion-150-1\"><div class=\"fusion-panel panel-default\"><div class=\"panel-heading\"><h4 class=\"panel-title toggle\"><a data-toggle=\"collapse\" data-parent=\"#accordion-150-1\" data-target=\"#5753cc5e7ddf3257d\" href=\"#5753cc5e7ddf3257d\"><div class=\"fusion-toggle-icon-wrapper\"><i class=\"fa-fusion-box\"><\/i><\/div><div class=\"fusion-toggle-heading\">Reglamento de Participaci\u00f3n Ciudadana<\/div><\/a><\/h4><\/div><div id=\"5753cc5e7ddf3257d\" class=\"panel-collapse collapse \"><div class=\"panel-body toggle-content\">\n<p>\n\n\n\n\n\n<html lang=\"en\">\n<head>\n<meta http-equiv=\"Content-Type\" content=\"text\/html; charset=UTF-8\">\n\t\n<\/head>\n\n\n\n<body>\n\n \n\n\t\t\n\n\t\t\n\t\t\t<script>\n\t\t\tfunction abrir(codigo) { \n\t\t\t\twindow.open (\"https:\/\/sede.ayuntamiento-losmolinos.es\/\/eAdmin\/\/ValidarDocumento.do?id_Documento=\"+codigo+\"&tipo=doc\",\"_blank\",\"toolbar=0,scrollbars=1,location=1,directories=0,status=1,menubar=0,scrollbars=0,resizable=1,width=1000,height=400\"); \n\t\t\t}\t\n\t\t\t<\/script>\n\t\t\t\n\t\t\t<!-- *************  LISTA DE DOCUMENTOS  ************************ -->\n\t\t\t<!-- \n\t\t\t\n\t\t\t<div class=\"reading-box\" style=\"background-color:#fff;border-width:1px;border-color:#ededed;border-top-width:1px;border-top-color:#a0ce4e;border-style:solid;\">\n\t\t\t   <a class=\"button fusion-button button-default button-round fusion-button-large button-large button-flat continue continue-right\" style=\"-webkit-box-shadow:none;-moz-box-shadow:none;box-shadow:none;\" href=\"javascript:abrir('QmSeJVIBDJE=')\" target=\"_self\"><span>ver documento<\/span><\/a>\n\t\t\t   <h2 data-lineheight=\"27\" data-fontsize=\"18\"><i class=\"fa fa-file\" style=\"color:#000000;\"><\/i>&nbsp;&nbsp;&nbsp; 38-REGLAMENTO ORGANICO DE PARTICIPACION CIUDADANA<\/h2>\n\t\t\t   <div class=\"reading-box-description\">&nbsp;&nbsp;&nbsp;&nbsp;&nbsp;&nbsp;&nbsp;&nbsp;&nbsp;En nuestra legislaci\u00f3n est\u00e1 recogido expresamente el derecho de los ciudadanos a participar en los asuntos p\u00fablicos directamente, adem\u00e1s de a trav\u00e9s de sus representantes.<\/div>\n\t\t\t<\/div>\n\t\t\t\n\t\t\t -->\n\t\t\t\n\t\t\t\n\t\t\t\n\t\t\t\t> <a href=\"javascript:abrir('QmSeJVIBDJE=')\">38-REGLAMENTO ORGANICO DE PARTICIPACION CIUDADANA<\/a>\n\t\t\t\tEn nuestra legislaci\u00f3n est\u00e1 recogido expresamente el derecho de los ciudadanos a participar en los asuntos p\u00fablicos directamente, adem\u00e1s de a trav\u00e9s de sus representantes.<br\/>\n\t\t\t\n\t\t\t\n\t\t\t\n\t\t\t\n\t\t\t\n\t\t\t\n\t\t\n\n\t\t\n\n\t\t\n\n\n<\/body>\n<\/html>\n\n\n<\/p>\n<\/div><\/div><\/div><div class=\"fusion-panel panel-default\"><div class=\"panel-heading\"><h4 class=\"panel-title toggle\"><a data-toggle=\"collapse\" data-parent=\"#accordion-150-1\" data-target=\"#6a8b5f0bcd00fe5b8\" href=\"#6a8b5f0bcd00fe5b8\"><div class=\"fusion-toggle-icon-wrapper\"><i class=\"fa-fusion-box\"><\/i><\/div><div class=\"fusion-toggle-heading\">Planes y mapas estrat\u00e9gicos<\/div><\/a><\/h4><\/div><div id=\"6a8b5f0bcd00fe5b8\" class=\"panel-collapse collapse \"><div class=\"panel-body toggle-content\">\n<p>\n\n\n\n\n\n<html lang=\"en\">\n<head>\n<meta http-equiv=\"Content-Type\" content=\"text\/html; charset=UTF-8\">\n\t\n<\/head>\n\n\n\n<body>\n\n \n\n\t\t\n\n\t\t\n\t\t\t<script>\n\t\t\tfunction abrir(codigo) { \n\t\t\t\twindow.open (\"https:\/\/sede.ayuntamiento-losmolinos.es\/\/eAdmin\/\/ValidarDocumento.do?id_Documento=\"+codigo+\"&tipo=doc\",\"_blank\",\"toolbar=0,scrollbars=1,location=1,directories=0,status=1,menubar=0,scrollbars=0,resizable=1,width=1000,height=400\"); \n\t\t\t}\t\n\t\t\t<\/script>\n\t\t\t\n\t\t\t<!-- *************  LISTA DE DOCUMENTOS  ************************ -->\n\t\t\t<!-- \n\t\t\t\n\t\t\t -->\n\t\t\t\n\t\t\t\n\t\t\n\n\t\t\n\n\t\t\n\n\n<\/body>\n<\/html>\n\n\n<\/p>\n<\/div><\/div><\/div><div class=\"fusion-panel panel-default\"><div class=\"panel-heading\"><h4 class=\"panel-title toggle\"><a data-toggle=\"collapse\" data-parent=\"#accordion-150-1\" data-target=\"#00b4d3b6016000099\" href=\"#00b4d3b6016000099\"><div class=\"fusion-toggle-icon-wrapper\"><i class=\"fa-fusion-box\"><\/i><\/div><div class=\"fusion-toggle-heading\">Cartas de servicios<\/div><\/a><\/h4><\/div><div id=\"00b4d3b6016000099\" class=\"panel-collapse collapse \"><div class=\"panel-body toggle-content\">\n<p>\n\n\n\n\n\n<html lang=\"en\">\n<head>\n<meta http-equiv=\"Content-Type\" content=\"text\/html; charset=UTF-8\">\n\t\n<\/head>\n\n\n\n<body>\n\n \n\n\t\t\n\n\t\t\n\t\t\t<script>\n\t\t\tfunction abrir(codigo) { \n\t\t\t\twindow.open (\"https:\/\/sede.ayuntamiento-losmolinos.es\/\/eAdmin\/\/ValidarDocumento.do?id_Documento=\"+codigo+\"&tipo=doc\",\"_blank\",\"toolbar=0,scrollbars=1,location=1,directories=0,status=1,menubar=0,scrollbars=0,resizable=1,width=1000,height=400\"); \n\t\t\t}\t\n\t\t\t<\/script>\n\t\t\t\n\t\t\t<!-- *************  LISTA DE DOCUMENTOS  ************************ -->\n\t\t\t<!-- \n\t\t\t\n\t\t\t -->\n\t\t\t\n\t\t\t\n\t\t\n\n\t\t\n\n\t\t\n\n\n<\/body>\n<\/html>\n\n\n<\/p>\n<\/div><\/div><\/div><div class=\"fusion-panel panel-default\"><div class=\"panel-heading\"><h4 class=\"panel-title toggle\"><a data-toggle=\"collapse\" data-parent=\"#accordion-150-1\" data-target=\"#5196ab3a652dea3f3\" href=\"#5196ab3a652dea3f3\"><div class=\"fusion-toggle-icon-wrapper\"><i class=\"fa-fusion-box\"><\/i><\/div><div class=\"fusion-toggle-heading\">Resultados de encuestas<\/div><\/a><\/h4><\/div><div id=\"5196ab3a652dea3f3\" class=\"panel-collapse collapse \"><div class=\"panel-body toggle-content\">\n<p>\n\n\n\n\n\n<html lang=\"en\">\n<head>\n<meta http-equiv=\"Content-Type\" content=\"text\/html; charset=UTF-8\">\n\t\n<\/head>\n\n\n\n<body>\n\n \n\n\t\t\n\n\t\t\n\t\t\t<script>\n\t\t\tfunction abrir(codigo) { \n\t\t\t\twindow.open (\"https:\/\/sede.ayuntamiento-losmolinos.es\/\/eAdmin\/\/ValidarDocumento.do?id_Documento=\"+codigo+\"&tipo=doc\",\"_blank\",\"toolbar=0,scrollbars=1,location=1,directories=0,status=1,menubar=0,scrollbars=0,resizable=1,width=1000,height=400\"); \n\t\t\t}\t\n\t\t\t<\/script>\n\t\t\t\n\t\t\t<!-- *************  LISTA DE DOCUMENTOS  ************************ -->\n\t\t\t<!-- \n\t\t\t\n\t\t\t -->\n\t\t\t\n\t\t\t\n\t\t\n\n\t\t\n\n\t\t\n\n\n<\/body>\n<\/html>\n\n\n<\/p>\n<\/div><\/div><\/div><\/div><\/div>\n","protected":false},"excerpt":{"rendered":"","protected":false},"author":9,"featured_media":0,"parent":9,"menu_order":0,"comment_status":"open","ping_status":"open","template":"","meta":{"footnotes":""},"_links":{"self":[{"href":"https:\/\/transparencia.ayuntamiento-losmolinos.es\/index.php?rest_route=\/wp\/v2\/pages\/150"}],"collection":[{"href":"https:\/\/transparencia.ayuntamiento-losmolinos.es\/index.php?rest_route=\/wp\/v2\/pages"}],"about":[{"href":"https:\/\/transparencia.ayuntamiento-losmolinos.es\/index.php?rest_route=\/wp\/v2\/types\/page"}],"author":[{"embeddable":true,"href":"https:\/\/transparencia.ayuntamiento-losmolinos.es\/index.php?rest_route=\/wp\/v2\/users\/9"}],"replies":[{"embeddable":true,"href":"https:\/\/transparencia.ayuntamiento-losmolinos.es\/index.php?rest_route=%2Fwp%2Fv2%2Fcomments&post=150"}],"version-history":[{"count":5,"href":"https:\/\/transparencia.ayuntamiento-losmolinos.es\/index.php?rest_route=\/wp\/v2\/pages\/150\/revisions"}],"predecessor-version":[{"id":503,"href":"https:\/\/transparencia.ayuntamiento-losmolinos.es\/index.php?rest_route=\/wp\/v2\/pages\/150\/revisions\/503"}],"up":[{"embeddable":true,"href":"https:\/\/transparencia.ayuntamiento-losmolinos.es\/index.php?rest_route=\/wp\/v2\/pages\/9"}],"wp:attachment":[{"href":"https:\/\/transparencia.ayuntamiento-losmolinos.es\/index.php?rest_route=%2Fwp%2Fv2%2Fmedia&parent=150"}],"curies":[{"name":"wp","href":"https:\/\/api.w.org\/{rel}","templated":true}]}}