{"id":5,"date":"2015-06-18T09:04:32","date_gmt":"2015-06-18T09:04:32","guid":{"rendered":"http:\/\/transparencia.ayuntamiento-losmolinos.es\/?page_id=5"},"modified":"2025-12-19T10:57:35","modified_gmt":"2025-12-19T10:57:35","slug":"home","status":"publish","type":"page","link":"https:\/\/transparencia.ayuntamiento-losmolinos.es\/","title":{"rendered":"home"},"content":{"rendered":"<h1><a href=\"http:\/\/transparencia.ayuntamiento-losmolinos.es\/wp-content\/uploads\/2018\/12\/IMG_2978-1.jpg\"><img loading=\"lazy\" decoding=\"async\" class=\"aligncenter wp-image-453 size-full\" src=\"http:\/\/transparencia.ayuntamiento-losmolinos.es\/wp-content\/uploads\/2018\/12\/IMG_2978-1.jpg\" alt=\"\" width=\"1776\" height=\"644\" srcset=\"https:\/\/transparencia.ayuntamiento-losmolinos.es\/wp-content\/uploads\/2018\/12\/IMG_2978-1.jpg 1776w, https:\/\/transparencia.ayuntamiento-losmolinos.es\/wp-content\/uploads\/2018\/12\/IMG_2978-1-300x109.jpg 300w, https:\/\/transparencia.ayuntamiento-losmolinos.es\/wp-content\/uploads\/2018\/12\/IMG_2978-1-768x278.jpg 768w, https:\/\/transparencia.ayuntamiento-losmolinos.es\/wp-content\/uploads\/2018\/12\/IMG_2978-1-1024x371.jpg 1024w\" sizes=\"(max-width: 1776px) 100vw, 1776px\" \/><\/a><\/h1>\n<h1 style=\"text-align: center;\">Portal de Transparencia\u00a0<span class=\"fusion-tooltip tooltip-shortcode\" data-animation=\"\" data-delay=\"0\" data-placement=\"top\" data-title=\"Portal del Transparencia\" data-toggle=\"tooltip\" data-trigger=\"hover\">Ayuntamiento de Los Molinos<\/span><\/h1>\n<p style=\"text-align: center; margin-top: -10px; font-size: 18px; line-height: 27px;\"><em>La transparencia y el acceso a la informaci\u00f3n p\u00fablica y las normas de buen gobierno deben de ser los ejes fundamentales de toda acci\u00f3n pol\u00edtica<\/em><\/p>\n<div class=\"fusion-fullwidth fullwidth-box fusion-fullwidth-1  fusion-parallax-none nonhundred-percent-fullwidth\" style=\"border-color:#eae9e9;border-bottom-width: 0px;border-top-width: 0px;border-bottom-style: solid;border-top-style: solid;padding-bottom:20px;padding-top:20px;padding-left:0px;padding-right:0px;background-color:#ffffff;\"><style type=\"text\/css\" scoped=\"scoped\">.fusion-fullwidth-1 {\n                            padding-left: 0px !important;\n                            padding-right: 0px !important;\n                        }<\/style><div class=\"fusion-row\"><div class=\"fusion-sep-clear\"><\/div><div class=\"fusion-separator fusion-full-width-sep sep-none\" style=\"border-color:#e0dede;margin-left: auto;margin-right: auto;margin-top:10px;margin-bottom:10px;\"><\/div><div class=\"container\">\n<div class=\"template-page content av-content-full alpha units\">\n<div class=\"post-entry post-entry-type-page post-entry-9\">\n<div class=\"entry-content-wrapper clearfix\">\n<div class=\"flex_column av_one_half first avia-builder-el-2 el_before_av_one_half avia-builder-el-first \">\n<section class=\"av_textblock_section\">\n<div class=\"avia_textblock \">\n<p>El Ayuntamiento de Los Molinos publica, mediante este Portal, de forma peri\u00f3dica y actualizada, informaci\u00f3n relevante para garantizar la transparencia de su actividad, relacionada con el funcionamiento y el control de su actuaci\u00f3n p\u00fablica.<\/p>\n<p>Con este Portal pretendemos que los requerimientos de m\u00e1s Transparencia, rigor y \u00e9tica p\u00fablica que las sociedades exigen hoy a gobiernos e instituciones p\u00fablicas y el necesario cumplimiento de la Ley 19\/2013, de 9 de diciembre, de transparencia, acceso a la informaci\u00f3n p\u00fablica y buen gobierno y de la Ley 10\/2019, de 10 de abril, de Transparencia y de Participaci\u00f3n de la Comunidad de Madrid, \u00a0se vean cumplidos al m\u00e1ximo en nuestra corporaci\u00f3n.<\/p>\n<\/div><\/div>\n<\/div>\n<\/section>\n<\/div>\n<\/div>\n<\/div>\n<\/div>\n<\/div>\n<div class=\"fusion-fullwidth fullwidth-box fusion-fullwidth-2  fusion-parallax-fixed nonhundred-percent-fullwidth\" style=\"border-color:#;border-bottom-width: 0px;border-top-width: 0px;border-bottom-style: solid;border-top-style: solid;padding-bottom:35px;padding-top:30px;padding-left:0px;padding-right:0px;background-color:#3d3c3c;\"><style type=\"text\/css\" scoped=\"scoped\">.fusion-fullwidth-2 {\n                            padding-left: 0px !important;\n                            padding-right: 0px !important;\n                        }<\/style><div class=\"fusion-row\"><\/div><\/div>\n<h1 style=\"text-align: center; font-size: 30px !important; color: #fff !important;\"><span style=\"color: #ffffff;\">Areas de consulta del portal de transparencia<\/span><\/h1>\n<p style=\"text-align: center; margin-top: -10px; font-size: 17px !important; line-height: 24px !important; color: #b1b1b1 !important;\">Consulte los contenidos por areas<\/p>\n<p><div class=\"fusion-section-separator section-separator\" style=\"border-bottom:1px solid #3d3c3c;\"><div class=\"divider-candy-arrow bottom\" style=\"top:0px;border-top-color: #3d3c3c;\"><\/div><div class=\"divider-candy bottom\" style=\"bottom:-21px;border-bottom:1px solid #3d3c3c;border-left:1px solid #3d3c3c;\"><\/div><\/div><div class=\"fusion-fullwidth fullwidth-box fusion-fullwidth-3  fusion-parallax-none nonhundred-percent-fullwidth\" style=\"border-color:#eae9e9;border-bottom-width: 0px;border-top-width: 0px;border-bottom-style: solid;border-top-style: solid;padding-bottom:20px;padding-top:20px;padding-left:0px;padding-right:0px;background-color:#ffffff;\"><style type=\"text\/css\" scoped=\"scoped\">.fusion-fullwidth-3 {\n                            padding-left: 0px !important;\n                            padding-right: 0px !important;\n                        }<\/style><div class=\"fusion-row\"><div class=\"fusion-flip-boxes flip-boxes row fusion-columns-4\"><div class=\"fusion-flip-box-wrapper fusion-column col-lg-3 col-md-3 col-sm-3\"><div class=\"fusion-flip-box\"><div class=\"flip-box-inner-wrapper\"><div class=\"flip-box-front\" style=\"background-color:#f6f6f6;border-color:transparent;border-radius:4px;border-style:solid;border-width:1px;color:#747474;\"><div class=\"flip-box-front-inner\"><div class=\"flip-box-grafix flip-box-circle\" style=\"background-color:#333333;border-color:#333333;\"><i class=\"fa fa-compress\" style=\"color:#ffffff;\"><\/i><\/div><h2 class=\"flip-box-heading\" style=\"color:#333333;\">Gobierno y Administraci\u00f3n<\/h2>La instituci\u00f3n, su organizaci\u00f3n, planificaci\u00f3n y personal<\/div><\/div><div class=\"flip-box-back\" style=\"background-color:#e10707;border-color:transparent;border-radius:4px;border-style:solid;border-width:1px;color:#ffffff;\"><div class=\"flip-box-back-inner\"><h3 class=\"flip-box-heading-back\" style=\"color:#eeeded;\">La instituci\u00f3n, su organizaci\u00f3n, planificaci\u00f3n y personal<\/h3>\n<p><a href=\"http:\/\/transparencia.ayuntamiento-losmolinos.es\/?page_id=7\">equipo de gobierno y la estructura administrativa local<\/a>.<\/p>\n<\/div><\/div><\/div><\/div><\/div><div class=\"fusion-flip-box-wrapper fusion-column col-lg-3 col-md-3 col-sm-3\"><div class=\"fusion-flip-box\"><div class=\"flip-box-inner-wrapper\"><div class=\"flip-box-front\" style=\"background-color:#f6f6f6;border-color:transparent;border-radius:4px;border-style:solid;border-width:1px;color:#747474;\"><div class=\"flip-box-front-inner\"><div class=\"flip-box-grafix flip-box-circle\" style=\"background-color:#333333;border-color:#333333;\"><i class=\"fa fa-users\" style=\"color:#ffffff;\"><\/i><\/div><h2 class=\"flip-box-heading\" style=\"color:#333333;\">Ciudadanos y Sociedad<\/h2>Informaci\u00f3n sobre relaciones con los ciudadanos y la Sociedad<\/div><\/div><div class=\"flip-box-back\" style=\"background-color:#e10707;border-color:transparent;border-radius:4px;border-style:solid;border-width:1px;color:#ffffff;\"><div class=\"flip-box-back-inner\"><h3 class=\"flip-box-heading-back\" style=\"color:#eeeded;\">Informaci\u00f3n sobre relaciones con los ciudadanos y la Sociedad<\/h3>\n<p><a href=\"http:\/\/transparencia.ayuntamiento-losmolinos.es\/?page_id=9\">Areas relativas Ciudadanos y Sociedad<\/a><\/p>\n<\/div><\/div><\/div><\/div><\/div><div class=\"fusion-flip-box-wrapper fusion-column col-lg-3 col-md-3 col-sm-3\"><div class=\"fusion-flip-box\"><div class=\"flip-box-inner-wrapper\"><div class=\"flip-box-front\" style=\"background-color:#f6f6f6;border-color:transparent;border-radius:4px;border-style:solid;border-width:1px;color:#747474;\"><div class=\"flip-box-front-inner\"><div class=\"flip-box-grafix flip-box-circle\" style=\"background-color:#333333;border-color:#333333;\"><i class=\"fa fa-gavel\" style=\"color:#ffffff;\"><\/i><\/div><h2 class=\"flip-box-heading\" style=\"color:#333333;\">Jur\u00eddico y Patrimonial<\/h2>Informaci\u00f3n de relevancia jur\u00eddica y patrimonial<\/div><\/div><div class=\"flip-box-back\" style=\"background-color:#e10707;border-color:transparent;border-radius:4px;border-style:solid;border-width:1px;color:#ffffff;\"><div class=\"flip-box-back-inner\"><h3 class=\"flip-box-heading-back\" style=\"color:#eeeded;\">Informaci\u00f3n de relevancia jur\u00eddica y patrimonial<\/h3><a href=\"http:\/\/transparencia.ayuntamiento-losmolinos.es\/?page_id=11\">Informaci\u00f3n de relevancia jur\u00eddica y patrimonial<\/a><br \/>\n<\/div><\/div><\/div><\/div><\/div><div class=\"fusion-flip-box-wrapper fusion-column col-lg-3 col-md-3 col-sm-3\"><div class=\"fusion-flip-box\"><div class=\"flip-box-inner-wrapper\"><div class=\"flip-box-front\" style=\"background-color:#f6f6f6;border-color:transparent;border-radius:4px;border-style:solid;border-width:1px;color:#747474;\"><div class=\"flip-box-front-inner\"><div class=\"flip-box-grafix flip-box-circle\" style=\"background-color:#333333;border-color:#333333;\"><i class=\"fa fa-money\" style=\"color:#ffffff;\"><\/i><\/div><h2 class=\"flip-box-heading\" style=\"color:#333333;\">Econom\u00eda y Presupuestos<\/h2>La actividad econ\u00f3mica, financiera y presupuestaria<\/div><\/div><div class=\"flip-box-back\" style=\"background-color:#e10707;border-color:transparent;border-radius:4px;border-style:solid;border-width:1px;color:#ffffff;\"><div class=\"flip-box-back-inner\"><h3 class=\"flip-box-heading-back\" style=\"color:#eeeded;\">La actividad econ\u00f3mica, financiera y presupuestaria<\/h3>\n<p><a href=\"http:\/\/transparencia.ayuntamiento-losmolinos.es\/?page_id=13\">Conozca la secci\u00f3n econ\u00f3mica y los presupuestos del Ayuntamiento<\/a><\/p>\n<\/div><\/div><\/div><\/div><\/div><\/div><div class=\"fusion-clearfix\"><\/div><div class=\"fusion-flip-boxes flip-boxes row fusion-columns-3\"><div class=\"fusion-flip-box-wrapper fusion-column col-lg-4 col-md-4 col-sm-4\"><div class=\"fusion-flip-box\"><div class=\"flip-box-inner-wrapper\"><div class=\"flip-box-front\" style=\"background-color:#f6f6f6;border-color:transparent;border-radius:4px;border-style:solid;border-width:1px;color:#747474;\"><div class=\"flip-box-front-inner\"><div class=\"flip-box-grafix flip-box-circle\" style=\"background-color:#333333;border-color:#333333;\"><i class=\"fa fa-briefcase\" style=\"color:#ffffff;\"><\/i><\/div><h2 class=\"flip-box-heading\" style=\"color:#333333;\">Contrataci\u00f3n y Convenios<\/h2>Informaci\u00f3n sobre contrataci\u00f3n, convenios y subvenciones<\/div><\/div><div class=\"flip-box-back\" style=\"background-color:#e10707;border-color:transparent;border-radius:4px;border-style:solid;border-width:1px;color:#ffffff;\"><div class=\"flip-box-back-inner\"><h3 class=\"flip-box-heading-back\" style=\"color:#eeeded;\">Informaci\u00f3n sobre contrataci\u00f3n, convenios y subvenciones<\/h3>\n<p><a href=\"http:\/\/transparencia.ayuntamiento-losmolinos.es\/?page_id=15\">Conozca la secci\u00f3n relativa a la contrataci\u00f3n y convenios del Ayuntamiento<\/a><\/p>\n<\/div><\/div><\/div><\/div><\/div><div class=\"fusion-flip-box-wrapper fusion-column col-lg-4 col-md-4 col-sm-4\"><div class=\"fusion-flip-box\"><div class=\"flip-box-inner-wrapper\"><div class=\"flip-box-front\" style=\"background-color:#f6f6f6;border-color:transparent;border-radius:4px;border-style:solid;border-width:1px;color:#747474;\"><div class=\"flip-box-front-inner\"><div class=\"flip-box-grafix flip-box-circle\" style=\"background-color:#333333;border-color:#333333;\"><i class=\"fa fa-building-o\" style=\"color:#ffffff;\"><\/i><\/div><h2 class=\"flip-box-heading\" style=\"color:#333333;\">Urbanismo y Medio Ambiente<\/h2>Informaci\u00f3n mediomabiental y urban\u00edstica<\/div><\/div><div class=\"flip-box-back\" style=\"background-color:#e10707;border-color:transparent;border-radius:4px;border-style:solid;border-width:1px;color:#ffffff;\"><div class=\"flip-box-back-inner\"><h3 class=\"flip-box-heading-back\" style=\"color:#eeeded;\">Informaci\u00f3n mediomabiental y urban\u00edstica<\/h3>\n<p><a href=\"http:\/\/transparencia.ayuntamiento-losmolinos.es\/?page_id=17\">Conozca la secci\u00f3n relativa a Urbanismo y Medio Ambiente<\/a><\/p>\n<\/div><\/div><\/div><\/div><\/div><div class=\"fusion-flip-box-wrapper fusion-column col-lg-4 col-md-4 col-sm-4\"><div class=\"fusion-flip-box\"><div class=\"flip-box-inner-wrapper\"><div class=\"flip-box-front\" style=\"background-color:#f6f6f6;border-color:transparent;border-radius:4px;border-style:solid;border-width:1px;color:#747474;\"><div class=\"flip-box-front-inner\"><div class=\"flip-box-grafix flip-box-circle\" style=\"background-color:#333333;border-color:#333333;\"><i class=\"fa fa-puzzle-piece\" style=\"color:#ffffff;\"><\/i><\/div><h2 class=\"flip-box-heading\" style=\"color:#333333;\">Servicios y Procedimientos<\/h2>Informaci\u00f3n sobre servicios y procedimientos municipales<\/div><\/div><div class=\"flip-box-back\" style=\"background-color:#e10707;border-color:transparent;border-radius:4px;border-style:solid;border-width:1px;color:#ffffff;\"><div class=\"flip-box-back-inner\"><h3 class=\"flip-box-heading-back\" style=\"color:#eeeded;\">Informaci\u00f3n sobre servicios y procedimientos municipales<\/h3><a href=\"http:\/\/transparencia.ayuntamiento-losmolinos.es\/?page_id=19\">Conozca el cat\u00e1logo de Servicios y Procedimientos del Ayuntamiento<\/a><br \/>\n<\/div><\/div><\/div><\/div><\/div><\/div><div class=\"fusion-clearfix\"><\/div><\/div><\/div><div class=\"fusion-section-separator section-separator\" style=\"border-bottom:1px solid #a0ce4e;\"><div class=\"divider-candy-arrow bottom\" style=\"top:0px;border-top-color: #a0ce4e;\"><\/div><div class=\"divider-candy bottom\" style=\"bottom:-21px;border-bottom:1px solid #a0ce4e;border-left:1px solid #a0ce4e;\"><\/div><\/div><\/p>\n","protected":false},"excerpt":{"rendered":"<p>Portal de Transparencia\u00a0 La transparencia y el acceso a la informaci\u00f3n p\u00fablica y las normas de buen gobierno deben de ser los ejes fundamentales de toda acci\u00f3n pol\u00edtica Areas de consulta del portal de transparencia Consulte los contenidos por areas<\/p>\n","protected":false},"author":9,"featured_media":0,"parent":0,"menu_order":0,"comment_status":"open","ping_status":"open","template":"100-width.php","meta":{"footnotes":""},"_links":{"self":[{"href":"https:\/\/transparencia.ayuntamiento-losmolinos.es\/index.php?rest_route=\/wp\/v2\/pages\/5"}],"collection":[{"href":"https:\/\/transparencia.ayuntamiento-losmolinos.es\/index.php?rest_route=\/wp\/v2\/pages"}],"about":[{"href":"https:\/\/transparencia.ayuntamiento-losmolinos.es\/index.php?rest_route=\/wp\/v2\/types\/page"}],"author":[{"embeddable":true,"href":"https:\/\/transparencia.ayuntamiento-losmolinos.es\/index.php?rest_route=\/wp\/v2\/users\/9"}],"replies":[{"embeddable":true,"href":"https:\/\/transparencia.ayuntamiento-losmolinos.es\/index.php?rest_route=%2Fwp%2Fv2%2Fcomments&post=5"}],"version-history":[{"count":68,"href":"https:\/\/transparencia.ayuntamiento-losmolinos.es\/index.php?rest_route=\/wp\/v2\/pages\/5\/revisions"}],"predecessor-version":[{"id":52,"href":"https:\/\/transparencia.ayuntamiento-losmolinos.es\/index.php?rest_route=\/wp\/v2\/pages\/5\/revisions\/52"}],"wp:attachment":[{"href":"https:\/\/transparencia.ayuntamiento-losmolinos.es\/index.php?rest_route=%2Fwp%2Fv2%2Fmedia&parent=5"}],"curies":[{"name":"wp","href":"https:\/\/api.w.org\/{rel}","templated":true}]}}